{"id":10282,"date":"2026-01-14T07:37:55","date_gmt":"2026-01-14T06:37:55","guid":{"rendered":"https:\/\/sosteam.rs\/en\/?page_id=10282"},"modified":"2026-01-21T14:55:07","modified_gmt":"2026-01-21T13:55:07","slug":"frequently-asked-questions","status":"publish","type":"page","link":"https:\/\/sosteam.rs\/en\/frequently-asked-questions\/","title":{"rendered":"FAQ"},"content":{"rendered":"\n<p>Welcome to the <strong>Frequently Asked Questions<\/strong> (FAQ) page of SOS Team <strong>Towing Service \u010ca\u010dak<\/strong>. Here you can find quick and clear answers to the most common questions related to <strong>vehicle towing<\/strong>,<strong> roadside assistance<\/strong>, pricing, response time, and service availability in \u010ca\u010dak and surrounding areas.<\/p>\n","protected":false},"excerpt":{"rendered":"<p>Welcome to the Frequently Asked Questions (FAQ) page of SOS Team Towing Service \u010ca\u010dak. Here you can find quick and clear answers to the most common questions related to vehicle towing, roadside assistance,","protected":false},"author":1,"featured_media":9849,"parent":0,"menu_order":32,"comment_status":"closed","ping_status":"closed","template":"","meta":{"_acf_changed":false,"_seopress_robots_primary_cat":"","_seopress_titles_title":"Frequently Asked Questions (FAQ) - SOS Team \u010ca\u010dak","_seopress_titles_desc":"Welcome to the Frequently Asked Questions (FAQ) page of SOS Team Towing Service from \u010ca\u010dak. Here you can find quick and clear answers to the most common questions related to vehicle towing.","_seopress_robots_index":"","footnotes":""},"class_list":["post-10282","page","type-page","status-publish","has-post-thumbnail","hentry"],"acf":[],"_links":{"self":[{"href":"https:\/\/sosteam.rs\/en\/wp-json\/wp\/v2\/pages\/10282","targetHints":{"allow":["GET"]}}],"collection":[{"href":"https:\/\/sosteam.rs\/en\/wp-json\/wp\/v2\/pages"}],"about":[{"href":"https:\/\/sosteam.rs\/en\/wp-json\/wp\/v2\/types\/page"}],"author":[{"embeddable":true,"href":"https:\/\/sosteam.rs\/en\/wp-json\/wp\/v2\/users\/1"}],"replies":[{"embeddable":true,"href":"https:\/\/sosteam.rs\/en\/wp-json\/wp\/v2\/comments?post=10282"}],"version-history":[{"count":0,"href":"https:\/\/sosteam.rs\/en\/wp-json\/wp\/v2\/pages\/10282\/revisions"}],"wp:featuredmedia":[{"embeddable":true,"href":"https:\/\/sosteam.rs\/en\/wp-json\/wp\/v2\/media\/9849"}],"wp:attachment":[{"href":"https:\/\/sosteam.rs\/en\/wp-json\/wp\/v2\/media?parent=10282"}],"curies":[{"name":"wp","href":"https:\/\/api.w.org\/{rel}","templated":true}]}}