{"id":9923,"date":"2025-03-09T13:22:31","date_gmt":"2025-03-09T12:22:31","guid":{"rendered":"https:\/\/rakellprint.com\/sosteam\/en\/?page_id=9923"},"modified":"2026-01-09T19:06:37","modified_gmt":"2026-01-09T18:06:37","slug":"our-location","status":"publish","type":"page","link":"https:\/\/sosteam.rs\/en\/our-location\/","title":{"rendered":"Our Location"},"content":{"rendered":"","protected":false},"excerpt":{"rendered":"","protected":false},"author":1,"featured_media":9848,"parent":0,"menu_order":32,"comment_status":"closed","ping_status":"closed","template":"","meta":{"_acf_changed":false,"_seopress_robots_primary_cat":"","_seopress_titles_title":"Our Location \u2013 SOS Team \u010ca\u010dak","_seopress_titles_desc":"We are located at Stoje To\u0161i\u0107 20, 32000 \u010ca\u010dak, Serbia. Our professional towing service and roadside assistance are available 24\/7 across Serbia. View our location on the map.","_seopress_robots_index":"","footnotes":""},"class_list":["post-9923","page","type-page","status-publish","has-post-thumbnail","hentry"],"acf":[],"_links":{"self":[{"href":"https:\/\/sosteam.rs\/en\/wp-json\/wp\/v2\/pages\/9923","targetHints":{"allow":["GET"]}}],"collection":[{"href":"https:\/\/sosteam.rs\/en\/wp-json\/wp\/v2\/pages"}],"about":[{"href":"https:\/\/sosteam.rs\/en\/wp-json\/wp\/v2\/types\/page"}],"author":[{"embeddable":true,"href":"https:\/\/sosteam.rs\/en\/wp-json\/wp\/v2\/users\/1"}],"replies":[{"embeddable":true,"href":"https:\/\/sosteam.rs\/en\/wp-json\/wp\/v2\/comments?post=9923"}],"version-history":[{"count":0,"href":"https:\/\/sosteam.rs\/en\/wp-json\/wp\/v2\/pages\/9923\/revisions"}],"wp:featuredmedia":[{"embeddable":true,"href":"https:\/\/sosteam.rs\/en\/wp-json\/wp\/v2\/media\/9848"}],"wp:attachment":[{"href":"https:\/\/sosteam.rs\/en\/wp-json\/wp\/v2\/media?parent=9923"}],"curies":[{"name":"wp","href":"https:\/\/api.w.org\/{rel}","templated":true}]}}