{"id":9925,"date":"2025-03-09T13:22:54","date_gmt":"2025-03-09T12:22:54","guid":{"rendered":"https:\/\/rakellprint.com\/sosteam\/en\/?page_id=9925"},"modified":"2026-01-09T19:07:56","modified_gmt":"2026-01-09T18:07:56","slug":"contact-us","status":"publish","type":"page","link":"https:\/\/sosteam.rs\/en\/contact-us\/","title":{"rendered":"Contact Us"},"content":{"rendered":"","protected":false},"excerpt":{"rendered":"","protected":false},"author":1,"featured_media":9846,"parent":0,"menu_order":33,"comment_status":"closed","ping_status":"closed","template":"","meta":{"_acf_changed":false,"_seopress_robots_primary_cat":"","_seopress_titles_title":"Contact Us \u2013 SOS Team \u010ca\u010dak","_seopress_titles_desc":"Contact SOS Team from \u010ca\u010dak for fast and professional towing and 24\/7 roadside assistance \u2013 by phone, email, or directly through our website. Learn more\u2026","_seopress_robots_index":"","footnotes":""},"class_list":["post-9925","page","type-page","status-publish","has-post-thumbnail","hentry"],"acf":[],"_links":{"self":[{"href":"https:\/\/sosteam.rs\/en\/wp-json\/wp\/v2\/pages\/9925","targetHints":{"allow":["GET"]}}],"collection":[{"href":"https:\/\/sosteam.rs\/en\/wp-json\/wp\/v2\/pages"}],"about":[{"href":"https:\/\/sosteam.rs\/en\/wp-json\/wp\/v2\/types\/page"}],"author":[{"embeddable":true,"href":"https:\/\/sosteam.rs\/en\/wp-json\/wp\/v2\/users\/1"}],"replies":[{"embeddable":true,"href":"https:\/\/sosteam.rs\/en\/wp-json\/wp\/v2\/comments?post=9925"}],"version-history":[{"count":0,"href":"https:\/\/sosteam.rs\/en\/wp-json\/wp\/v2\/pages\/9925\/revisions"}],"wp:featuredmedia":[{"embeddable":true,"href":"https:\/\/sosteam.rs\/en\/wp-json\/wp\/v2\/media\/9846"}],"wp:attachment":[{"href":"https:\/\/sosteam.rs\/en\/wp-json\/wp\/v2\/media?parent=9925"}],"curies":[{"name":"wp","href":"https:\/\/api.w.org\/{rel}","templated":true}]}}