{"id":9935,"date":"2020-01-26T02:32:24","date_gmt":"2020-01-26T01:32:24","guid":{"rendered":"https:\/\/rakellprint.com\/sosteam\/en\/?page_id=9935"},"modified":"2026-01-14T07:39:55","modified_gmt":"2026-01-14T06:39:55","slug":"data-access","status":"publish","type":"page","link":"https:\/\/sosteam.rs\/en\/data-access\/","title":{"rendered":"Data Access"},"content":{"rendered":"\n<p>Website users may be asked, if necessary, to provide their <strong>first name, last name, email address, and phone number<\/strong>, while cookies collect users\u2019 IP addresses, unless the user has configured their browser or privacy settings differently on our website.<\/p>\n\n\n\n<p>Users can <strong>visit our website anonymously<\/strong>. We collect personal data <strong>only if the user voluntarily gives consent<\/strong> for data collection in accordance with this Privacy Policy. SOS Team \u010ca\u010dak collects personal and identification data from users through the following methods:<\/p>\n\n\n\n<ul class=\"wp-block-list\">\n<li>Via <strong>contact forms<\/strong><\/li>\n\n\n\n<li>Via <strong>brochure download forms<\/strong><\/li>\n\n\n\n<li>Through <strong>browser cookies<\/strong> in relation to services, activities, resources, and features available on our website<\/li>\n<\/ul>\n\n\n\n<p>Users may <strong>refuse to provide personal data<\/strong>, but in such cases, they may be <strong>restricted from accessing certain functionalities or performing specific actions<\/strong> on the website.<\/p>\n\n\n\n<p>SOS Team \u010ca\u010dak reserves the right to collect <strong>non-personal identification data<\/strong>, such as browser type, computer type, and technical information about how users connect to our website, including the computer\u2019s operating system and Internet provider, <strong>for statistical analysis and improvement of our digital services<\/strong>.<\/p>\n\n\n\n<p>SOS Team \u010ca\u010dak <strong>will not share your personal data with third parties<\/strong>, except where required by law.<\/p>\n\n\n\n<p>In accordance with current legal regulations, including the <strong>Law on Personal Data Protection (\u201cOfficial Gazette of the Republic of Serbia\u201d No. 97\/2008, 104\/2009, 68\/2012 \u2013 Constitutional Court Decision, and 107\/2012)<\/strong> and <strong>GDPR regulations<\/strong>, website users are guaranteed the following rights:<\/p>\n\n\n\n<ul class=\"wp-block-list\">\n<li>To be fully informed about what data is collected, how it is collected, and how it is managed<\/li>\n\n\n\n<li>To request access to their personal data<\/li>\n\n\n\n<li>To request that their personal data be deleted and forgotten<\/li>\n\n\n\n<li>To <strong>unsubscribe at any time<\/strong> from the email list to which they previously subscribed via the newsletter, if applicable<\/li>\n<\/ul>\n\n\n\n<p><strong>Written Contact<\/strong><\/p>\n\n\n\n<p><strong>SOS Team \u010ca\u010dak<\/strong><br>Stoje To\u0161i\u0107 20, 32000 \u010ca\u010dak, Serbia<\/p>\n\n\n\n<p><strong>Email:<\/strong> <a>sos@sosteam.rs<\/a><br><strong>Phone:<\/strong> +381 61 158 7171<br><strong>Responsible Person:<\/strong> Marko Jankovi\u0107<\/p>\n","protected":false},"excerpt":{"rendered":"<p>Website users may be asked, if necessary, to provide their first name, last name, email address, and phone number, while cookies collect users\u2019 IP addresses, unless the user has configured their browser","protected":false},"author":1,"featured_media":9858,"parent":0,"menu_order":103,"comment_status":"closed","ping_status":"closed","template":"","meta":{"_acf_changed":false,"_seopress_robots_primary_cat":"","_seopress_titles_title":"Data Access \u2013 SOS Team \u010ca\u010dak","_seopress_titles_desc":"On the Data Access page, we explain how users can access, correct, or delete their personal data, as well as what their rights are regarding data processing.","_seopress_robots_index":"yes","footnotes":""},"class_list":["post-9935","page","type-page","status-publish","has-post-thumbnail","hentry"],"acf":[],"_links":{"self":[{"href":"https:\/\/sosteam.rs\/en\/wp-json\/wp\/v2\/pages\/9935","targetHints":{"allow":["GET"]}}],"collection":[{"href":"https:\/\/sosteam.rs\/en\/wp-json\/wp\/v2\/pages"}],"about":[{"href":"https:\/\/sosteam.rs\/en\/wp-json\/wp\/v2\/types\/page"}],"author":[{"embeddable":true,"href":"https:\/\/sosteam.rs\/en\/wp-json\/wp\/v2\/users\/1"}],"replies":[{"embeddable":true,"href":"https:\/\/sosteam.rs\/en\/wp-json\/wp\/v2\/comments?post=9935"}],"version-history":[{"count":0,"href":"https:\/\/sosteam.rs\/en\/wp-json\/wp\/v2\/pages\/9935\/revisions"}],"wp:featuredmedia":[{"embeddable":true,"href":"https:\/\/sosteam.rs\/en\/wp-json\/wp\/v2\/media\/9858"}],"wp:attachment":[{"href":"https:\/\/sosteam.rs\/en\/wp-json\/wp\/v2\/media?parent=9935"}],"curies":[{"name":"wp","href":"https:\/\/api.w.org\/{rel}","templated":true}]}}